{"id":748,"date":"2025-09-12T17:17:19","date_gmt":"2025-09-12T14:17:19","guid":{"rendered":"https:\/\/alpamedical.lt\/?post_type=product&#038;p=748"},"modified":"2025-09-14T10:47:27","modified_gmt":"2025-09-14T07:47:27","slug":"alpa-lesana-vaistazoliu-gelis","status":"publish","type":"product","link":"https:\/\/alpamedical.lt\/lv\/product\/alpa-lesana-vaistazoliu-gelis\/","title":{"rendered":"ALPA Lesana augu gels"},"content":{"rendered":"<p>Gels ar augstu mentola saturu iedarbojas intens\u012bvi atv\u0113sino\u0161i un atsvaidzino\u0161i. \u0112terisko e\u013c\u013cu, eikalipta un prie\u017eu esen\u010du kombin\u0101cija pal\u012bdz musku\u013ciem atg\u016bties p\u0113c fiziskas slodzes, mazina nogurumu un atvieglo reimatiskas s\u0101pes. Pateicoties sast\u0101v\u0101 eso\u0161ajai e\u013c\u013cai, gels ir lieliski piem\u0113rots loc\u012btavu, musku\u013cu un mugurkaula mas\u0101\u017eai. To var lietot ar\u012b galvass\u0101pju vai visp\u0101r\u0113ja noguruma gad\u012bjum\u0101, uzkl\u0101jot nelielu daudzumu uz deni\u0146iem.<\/p>","protected":false},"excerpt":{"rendered":"<p>Atsvaidzino\u0161s mentola gels musku\u013ciem, loc\u012btav\u0101m un mas\u0101\u017eai, kas pal\u012bdz mazin\u0101t nogurumu un s\u0101pes.<\/p>","protected":false},"featured_media":755,"comment_status":"open","ping_status":"closed","template":"","meta":{"_kadence_starter_templates_imported_post":false,"_kad_post_transparent":"default","_kad_post_title":"","_kad_post_layout":"default","_kad_post_sidebar_id":"","_kad_post_content_style":"default","_kad_post_vertical_padding":"default","_kad_post_feature":"","_kad_post_feature_position":"","_kad_post_header":false,"_kad_post_footer":false},"product_brand":[],"product_cat":[26],"product_tag":[],"class_list":{"0":"post-748","1":"product","2":"type-product","3":"status-publish","4":"has-post-thumbnail","6":"product_cat-vaistazoliu-geliai","8":"first","9":"outofstock","10":"shipping-taxable","11":"product-type-simple","12":"entry","13":"content-bg","14":"loop-entry"},"yoast_head":"<!-- This site is optimized with the Yoast SEO plugin v26.2 - https:\/\/yoast.com\/wordpress\/plugins\/seo\/ -->\n<title>ALPA Lesana vaista\u017eoli\u0173 gelis - ALPA. I\u0161mintinga sveikata<\/title>\n<meta name=\"robots\" content=\"index, follow, max-snippet:-1, max-image-preview:large, max-video-preview:-1\" \/>\n<link rel=\"canonical\" href=\"https:\/\/alpamedical.lt\/lv\/product\/alpa-lesana-vaistazoliu-gelis\/\" \/>\n<meta property=\"og:locale\" content=\"lv_LV\" \/>\n<meta property=\"og:type\" content=\"article\" \/>\n<meta property=\"og:title\" content=\"ALPA Lesana vaista\u017eoli\u0173 gelis - ALPA. I\u0161mintinga sveikata\" \/>\n<meta property=\"og:description\" content=\"Gaivinamasis mentolio gelis raumenims, s\u0105nariams ir masa\u017eui, padedantis ma\u017einti nuovarg\u012f bei skausm\u0105.\" \/>\n<meta property=\"og:url\" content=\"https:\/\/alpamedical.lt\/lv\/product\/alpa-lesana-vaistazoliu-gelis\/\" \/>\n<meta property=\"og:site_name\" content=\"ALPA. I\u0161mintinga sveikata\" \/>\n<meta property=\"article:modified_time\" content=\"2025-09-14T07:47:27+00:00\" \/>\n<meta property=\"og:image\" content=\"https:\/\/alpamedical.lt\/wp-content\/uploads\/2025\/09\/alpa-lesana-gel-scaled.png\" \/>\n\t<meta property=\"og:image:width\" content=\"2560\" \/>\n\t<meta property=\"og:image:height\" content=\"2560\" \/>\n\t<meta property=\"og:image:type\" content=\"image\/png\" \/>\n<meta name=\"twitter:card\" content=\"summary_large_image\" \/>\n<meta name=\"twitter:label1\" content=\"Est. reading time\" \/>\n\t<meta name=\"twitter:data1\" content=\"1 min\u016bte\" \/>\n<script type=\"application\/ld+json\" class=\"yoast-schema-graph\">{\"@context\":\"https:\/\/schema.org\",\"@graph\":[{\"@type\":\"WebPage\",\"@id\":\"https:\/\/alpamedical.lt\/product\/alpa-lesana-vaistazoliu-gelis\/\",\"url\":\"https:\/\/alpamedical.lt\/product\/alpa-lesana-vaistazoliu-gelis\/\",\"name\":\"ALPA Lesana vaista\u017eoli\u0173 gelis - ALPA. I\u0161mintinga sveikata\",\"isPartOf\":{\"@id\":\"https:\/\/alpamedical.lt\/#website\"},\"primaryImageOfPage\":{\"@id\":\"https:\/\/alpamedical.lt\/product\/alpa-lesana-vaistazoliu-gelis\/#primaryimage\"},\"image\":{\"@id\":\"https:\/\/alpamedical.lt\/product\/alpa-lesana-vaistazoliu-gelis\/#primaryimage\"},\"thumbnailUrl\":\"https:\/\/alpamedical.lt\/wp-content\/uploads\/2025\/09\/alpa-lesana-gel-scaled.png\",\"datePublished\":\"2025-09-12T14:17:19+00:00\",\"dateModified\":\"2025-09-14T07:47:27+00:00\",\"breadcrumb\":{\"@id\":\"https:\/\/alpamedical.lt\/product\/alpa-lesana-vaistazoliu-gelis\/#breadcrumb\"},\"inLanguage\":\"lv-LV\",\"potentialAction\":[{\"@type\":\"ReadAction\",\"target\":[\"https:\/\/alpamedical.lt\/product\/alpa-lesana-vaistazoliu-gelis\/\"]}]},{\"@type\":\"ImageObject\",\"inLanguage\":\"lv-LV\",\"@id\":\"https:\/\/alpamedical.lt\/product\/alpa-lesana-vaistazoliu-gelis\/#primaryimage\",\"url\":\"https:\/\/alpamedical.lt\/wp-content\/uploads\/2025\/09\/alpa-lesana-gel-scaled.png\",\"contentUrl\":\"https:\/\/alpamedical.lt\/wp-content\/uploads\/2025\/09\/alpa-lesana-gel-scaled.png\",\"width\":2560,\"height\":2560},{\"@type\":\"BreadcrumbList\",\"@id\":\"https:\/\/alpamedical.lt\/product\/alpa-lesana-vaistazoliu-gelis\/#breadcrumb\",\"itemListElement\":[{\"@type\":\"ListItem\",\"position\":1,\"name\":\"Home\",\"item\":\"https:\/\/alpamedical.lt\/\"},{\"@type\":\"ListItem\",\"position\":2,\"name\":\"PRODUKT\u0172 KATALOGAS\",\"item\":\"https:\/\/alpamedical.lt\/produktu-katalogas\/\"},{\"@type\":\"ListItem\",\"position\":3,\"name\":\"ALPA Lesana vaista\u017eoli\u0173 gelis\"}]},{\"@type\":\"WebSite\",\"@id\":\"https:\/\/alpamedical.lt\/#website\",\"url\":\"https:\/\/alpamedical.lt\/\",\"name\":\"ALPA. I\u0161mintinga sveikata\",\"description\":\"\",\"publisher\":{\"@id\":\"https:\/\/alpamedical.lt\/#organization\"},\"potentialAction\":[{\"@type\":\"SearchAction\",\"target\":{\"@type\":\"EntryPoint\",\"urlTemplate\":\"https:\/\/alpamedical.lt\/?s={search_term_string}\"},\"query-input\":{\"@type\":\"PropertyValueSpecification\",\"valueRequired\":true,\"valueName\":\"search_term_string\"}}],\"inLanguage\":\"lv-LV\"},{\"@type\":\"Organization\",\"@id\":\"https:\/\/alpamedical.lt\/#organization\",\"name\":\"ALPA. I\u0161mintinga sveikata\",\"url\":\"https:\/\/alpamedical.lt\/\",\"logo\":{\"@type\":\"ImageObject\",\"inLanguage\":\"lv-LV\",\"@id\":\"https:\/\/alpamedical.lt\/#\/schema\/logo\/image\/\",\"url\":\"https:\/\/alpamedical.lt\/wp-content\/uploads\/2025\/09\/cropped-logo-alpa.png\",\"contentUrl\":\"https:\/\/alpamedical.lt\/wp-content\/uploads\/2025\/09\/cropped-logo-alpa.png\",\"width\":340,\"height\":181,\"caption\":\"ALPA. I\u0161mintinga sveikata\"},\"image\":{\"@id\":\"https:\/\/alpamedical.lt\/#\/schema\/logo\/image\/\"}}]}<\/script>\n<!-- \/ Yoast SEO plugin. -->","yoast_head_json":{"title":"ALPA Lesana vaista\u017eoli\u0173 gelis - ALPA. I\u0161mintinga sveikata","robots":{"index":"index","follow":"follow","max-snippet":"max-snippet:-1","max-image-preview":"max-image-preview:large","max-video-preview":"max-video-preview:-1"},"canonical":"https:\/\/alpamedical.lt\/lv\/product\/alpa-lesana-vaistazoliu-gelis\/","og_locale":"lv_LV","og_type":"article","og_title":"ALPA Lesana vaista\u017eoli\u0173 gelis - ALPA. I\u0161mintinga sveikata","og_description":"Gaivinamasis mentolio gelis raumenims, s\u0105nariams ir masa\u017eui, padedantis ma\u017einti nuovarg\u012f bei skausm\u0105.","og_url":"https:\/\/alpamedical.lt\/lv\/product\/alpa-lesana-vaistazoliu-gelis\/","og_site_name":"ALPA. I\u0161mintinga sveikata","article_modified_time":"2025-09-14T07:47:27+00:00","og_image":[{"width":2560,"height":2560,"url":"https:\/\/alpamedical.lt\/wp-content\/uploads\/2025\/09\/alpa-lesana-gel-scaled.png","type":"image\/png"}],"twitter_card":"summary_large_image","twitter_misc":{"Est. reading time":"1 min\u016bte"},"schema":{"@context":"https:\/\/schema.org","@graph":[{"@type":"WebPage","@id":"https:\/\/alpamedical.lt\/product\/alpa-lesana-vaistazoliu-gelis\/","url":"https:\/\/alpamedical.lt\/product\/alpa-lesana-vaistazoliu-gelis\/","name":"ALPA Lesana vaista\u017eoli\u0173 gelis - ALPA. I\u0161mintinga sveikata","isPartOf":{"@id":"https:\/\/alpamedical.lt\/#website"},"primaryImageOfPage":{"@id":"https:\/\/alpamedical.lt\/product\/alpa-lesana-vaistazoliu-gelis\/#primaryimage"},"image":{"@id":"https:\/\/alpamedical.lt\/product\/alpa-lesana-vaistazoliu-gelis\/#primaryimage"},"thumbnailUrl":"https:\/\/alpamedical.lt\/wp-content\/uploads\/2025\/09\/alpa-lesana-gel-scaled.png","datePublished":"2025-09-12T14:17:19+00:00","dateModified":"2025-09-14T07:47:27+00:00","breadcrumb":{"@id":"https:\/\/alpamedical.lt\/product\/alpa-lesana-vaistazoliu-gelis\/#breadcrumb"},"inLanguage":"lv-LV","potentialAction":[{"@type":"ReadAction","target":["https:\/\/alpamedical.lt\/product\/alpa-lesana-vaistazoliu-gelis\/"]}]},{"@type":"ImageObject","inLanguage":"lv-LV","@id":"https:\/\/alpamedical.lt\/product\/alpa-lesana-vaistazoliu-gelis\/#primaryimage","url":"https:\/\/alpamedical.lt\/wp-content\/uploads\/2025\/09\/alpa-lesana-gel-scaled.png","contentUrl":"https:\/\/alpamedical.lt\/wp-content\/uploads\/2025\/09\/alpa-lesana-gel-scaled.png","width":2560,"height":2560},{"@type":"BreadcrumbList","@id":"https:\/\/alpamedical.lt\/product\/alpa-lesana-vaistazoliu-gelis\/#breadcrumb","itemListElement":[{"@type":"ListItem","position":1,"name":"Home","item":"https:\/\/alpamedical.lt\/"},{"@type":"ListItem","position":2,"name":"PRODUKT\u0172 KATALOGAS","item":"https:\/\/alpamedical.lt\/produktu-katalogas\/"},{"@type":"ListItem","position":3,"name":"ALPA Lesana vaista\u017eoli\u0173 gelis"}]},{"@type":"WebSite","@id":"https:\/\/alpamedical.lt\/#website","url":"https:\/\/alpamedical.lt\/","name":"ALPA. Gudra vesel\u012bba","description":"","publisher":{"@id":"https:\/\/alpamedical.lt\/#organization"},"potentialAction":[{"@type":"SearchAction","target":{"@type":"EntryPoint","urlTemplate":"https:\/\/alpamedical.lt\/?s={search_term_string}"},"query-input":{"@type":"PropertyValueSpecification","valueRequired":true,"valueName":"search_term_string"}}],"inLanguage":"lv-LV"},{"@type":"Organization","@id":"https:\/\/alpamedical.lt\/#organization","name":"ALPA. Gudra vesel\u012bba","url":"https:\/\/alpamedical.lt\/","logo":{"@type":"ImageObject","inLanguage":"lv-LV","@id":"https:\/\/alpamedical.lt\/#\/schema\/logo\/image\/","url":"https:\/\/alpamedical.lt\/wp-content\/uploads\/2025\/09\/cropped-logo-alpa.png","contentUrl":"https:\/\/alpamedical.lt\/wp-content\/uploads\/2025\/09\/cropped-logo-alpa.png","width":340,"height":181,"caption":"ALPA. I\u0161mintinga sveikata"},"image":{"@id":"https:\/\/alpamedical.lt\/#\/schema\/logo\/image\/"}}]}},"_links":{"self":[{"href":"https:\/\/alpamedical.lt\/lv\/wp-json\/wp\/v2\/product\/748","targetHints":{"allow":["GET"]}}],"collection":[{"href":"https:\/\/alpamedical.lt\/lv\/wp-json\/wp\/v2\/product"}],"about":[{"href":"https:\/\/alpamedical.lt\/lv\/wp-json\/wp\/v2\/types\/product"}],"replies":[{"embeddable":true,"href":"https:\/\/alpamedical.lt\/lv\/wp-json\/wp\/v2\/comments?post=748"}],"wp:featuredmedia":[{"embeddable":true,"href":"https:\/\/alpamedical.lt\/lv\/wp-json\/wp\/v2\/media\/755"}],"wp:attachment":[{"href":"https:\/\/alpamedical.lt\/lv\/wp-json\/wp\/v2\/media?parent=748"}],"wp:term":[{"taxonomy":"product_brand","embeddable":true,"href":"https:\/\/alpamedical.lt\/lv\/wp-json\/wp\/v2\/product_brand?post=748"},{"taxonomy":"product_cat","embeddable":true,"href":"https:\/\/alpamedical.lt\/lv\/wp-json\/wp\/v2\/product_cat?post=748"},{"taxonomy":"product_tag","embeddable":true,"href":"https:\/\/alpamedical.lt\/lv\/wp-json\/wp\/v2\/product_tag?post=748"}],"curies":[{"name":"wp","href":"https:\/\/api.w.org\/{rel}","templated":true}]}}